{"id":22,"date":"2009-11-08T12:11:19","date_gmt":"2009-11-08T11:11:19","guid":{"rendered":"https:\/\/www.fondazioneporpora.eu\/?page_id=22"},"modified":"2013-03-21T16:42:38","modified_gmt":"2013-03-21T15:42:38","slug":"donazioni","status":"publish","type":"page","link":"https:\/\/www.fondazioneporpora.eu\/?page_id=22","title":{"rendered":"Donazioni"},"content":{"rendered":"<p><strong>Perch\u00e9 Donare e cosa donare. <\/strong><\/p>\n<p>Sul perch\u00e9 donare potremmo spendere fiumi di parole.\u00a0 Ognuno di noi , in realt\u00e0 , dona o decide di fare un atto di \u201cbeneficenza\u201d , per motivi di coscienza per lo pi\u00f9 : poi per solidariet\u00e0, per piet\u00e0 , per amore verso gli altri soprattutto se sono deboli o ammalati, per guadagnarsi il paradiso. Sul finire donare libera e ci riscatta.<\/p>\n<p>Cosa Donare. <strong>TUTTO<\/strong>.\u00a0 Si possono donare vestiti, mobili, quadri, denaro, giacenze di magazzino, beni invenduti, collezioni, auto , BOT\u00a0 e CCT , azioni , qualsiasi cosa possa avere un valore.<\/p>\n<p><strong>Vantaggi fiscali <\/strong><strong> <\/strong><\/p>\n<p><strong> <\/strong>L\u2019ASSOCIAZIONE PER LA FONDAZIONE PORPORA \u00e8 una\u00a0 associazione Non Lucrativa di promozione e utilit\u00e0 sociale ai sensi di legge e le donazioni (erogazioni liberali) in suo favore sono detraibili dalla dichiarazione dei redditi.<\/p>\n<p><strong>E&#8217; in vigore dal 17 marzo 2005<\/strong> con efficacia immediata la <strong>nuova regolamentazione sulla deducibilit\u00e0 fiscale delle erogazioni liberali<\/strong>.<\/p>\n<p>La legge <strong>consente a privati e aziende di dedurre<\/strong> le donazioni a favore di associazioni non lucrative, <strong>nella misura del 10% del reddito complessivo dichiarato e fino a un tetto di 70 mila euro l&#8217;anno<\/strong>.<\/p>\n<p>Le donazioni sono deducibili solo nel caso di <strong>pagamento con Assegno, Bonifico bancario, Bollettino postale, Bancomat o Carta di Credito.<\/strong><\/p>\n<p><strong><span style=\"text-decoration: underline;\">La \u201c+ dai &#8211; versi\u201d<\/span><\/strong> \u00e8 la famosa norma che consente a persone fisiche e a persone giuridiche di dedursi le erogazioni effettuate fino al 10% del proprio reddito e per un massimo di \u20ac 70.000, La norma \u00e8 l\u2019art 14 del DL 35\/05, conv con modif da L 80\/05.<br \/>\nLe organizzazioni che possono far beneficiare i propri donatori di questa norma sono:<\/p>\n<p>&#8211; Onlus<br \/>\n&#8211; Associazioni di promozione sociale<br \/>\n&#8211; Associazioni e fondazioni riconosciute aventi per oggetto statutario la tutela, la promozione e la valorizzazione dei beni di interesse artistico, storico e paesaggistico di cui al decreto legislativo 22 gennaio 2004, n. 42 (cfr Decreto Urbani)<br \/>\n&#8211; Associazioni e fondazioni riconosciute aventi per scopo statutario lo svolgimento o la promozione di attivit\u00e0 di ricerca scientifica<\/p>\n<table style=\"height: 331px;\" width=\"550\" border=\"0\" cellspacing=\"7\" cellpadding=\"0\">\n<tbody>\n<tr>\n<td width=\"374\"><strong><span style=\"text-decoration: underline;\">Lasciti <\/span><\/strong><\/td>\n<\/tr>\n<tr>\n<td valign=\"top\" width=\"374\"><strong> <\/strong>Il lascito testamentario \u00e8 una scelta di solidariet\u00e0 che permette alla Associazione per la Fondazione Porpora di continuare il suo impegno a favore delle vittime delle malattie rare.<\/p>\n<p>Un notaio \u00e8 presente con cadenza trimestrale presso la nostra sede di\u00a0 a Roma, per approfondire le modalit\u00e0 del lascito testamentario.<\/p>\n<p>Per maggiori informazioni su come destinare un lascito alla Associazione per la Fondazione Porpora\u00a0 o per prenotare la partecipazione agli incontri informativi, scrivere a fondazione_porpora@yahoo.it oppure telefonare al numero 06 82 97 60 95<\/p>\n<p><strong>Possono essere destinati per lasciti tutti i beni mobili e immobili. <\/strong><\/p>\n<p>In particolare i lasciti di beni immobili rientrerebbero in un pi\u00f9 ampio progetto della Associazione per la Fondazione Porpora , che prevede la creazione di case di accoglienza per le famiglie dei colpiti da malattie rare che si spostano nei grandi centri per curare i loro cari (spesso bambini). Queste famiglie devono sopportare dei costi insostenibili per le spese di soggiorno durante i periodi di cura o di ricovero, e non sono infrequenti i casi in cui le famiglie non sono in grado di sostenere quei costi di soggiorno. Il progetto prevederebbe che le famiglie e i malati possano essere ospitati gratuitamente nelle case che sono state donate da voi.<\/td>\n<\/tr>\n<\/tbody>\n<\/table>\n","protected":false},"excerpt":{"rendered":"<p>Perch\u00e9 Donare e cosa donare. Sul perch\u00e9 donare potremmo spendere fiumi di parole.\u00a0 Ognuno di noi , in realt\u00e0 , dona o decide di fare un atto di \u201cbeneficenza\u201d , per motivi di coscienza per lo pi\u00f9 : poi per solidariet\u00e0, per piet\u00e0 , per amore verso gli altri soprattutto se sono deboli o ammalati, [&hellip;]<\/p>\n","protected":false},"author":7,"featured_media":0,"parent":0,"menu_order":0,"comment_status":"closed","ping_status":"closed","template":"","meta":[],"_links":{"self":[{"href":"https:\/\/www.fondazioneporpora.eu\/index.php?rest_route=\/wp\/v2\/pages\/22"}],"collection":[{"href":"https:\/\/www.fondazioneporpora.eu\/index.php?rest_route=\/wp\/v2\/pages"}],"about":[{"href":"https:\/\/www.fondazioneporpora.eu\/index.php?rest_route=\/wp\/v2\/types\/page"}],"author":[{"embeddable":true,"href":"https:\/\/www.fondazioneporpora.eu\/index.php?rest_route=\/wp\/v2\/users\/7"}],"replies":[{"embeddable":true,"href":"https:\/\/www.fondazioneporpora.eu\/index.php?rest_route=%2Fwp%2Fv2%2Fcomments&post=22"}],"version-history":[{"count":6,"href":"https:\/\/www.fondazioneporpora.eu\/index.php?rest_route=\/wp\/v2\/pages\/22\/revisions"}],"predecessor-version":[{"id":25,"href":"https:\/\/www.fondazioneporpora.eu\/index.php?rest_route=\/wp\/v2\/pages\/22\/revisions\/25"}],"wp:attachment":[{"href":"https:\/\/www.fondazioneporpora.eu\/index.php?rest_route=%2Fwp%2Fv2%2Fmedia&parent=22"}],"curies":[{"name":"wp","href":"https:\/\/api.w.org\/{rel}","templated":true}]}}